{"id":5204,"date":"2012-08-02T16:49:50","date_gmt":"2012-08-02T16:49:50","guid":{"rendered":"https:\/\/www.ludwig-van.com\/montreal\/?page_id=5204"},"modified":"2025-09-09T11:23:09","modified_gmt":"2025-09-09T15:23:09","slug":"contact","status":"publish","type":"page","link":"https:\/\/www.ludwig-van.com\/montreal\/contact\/","title":{"rendered":"Contact"},"content":{"rendered":"<p><em>Ludwig Van<br \/>\nune propri\u00e9t\u00e9 de Zoomer Media Ltd.<\/em><\/p>\n<p>ZoomerMedia Limited<br \/>\n70 Jefferson Ave.<br \/>\nToronto ON<br \/>\nM6K 1Y4<\/p>\n<p>Si vous avez des commentaires ou des renseignements \u00e0 nous communiquer, \u00e9crivez-nous par courriel:<\/p>\n<p>B\u00e9atrice Cadrin, r\u00e9dactrice en chef<\/p>\n<p>beatrice@ludwig-van.com<\/p>\n<p>Pour des corrections dans les articles, \u00e9crivez \u00e0 beatrice@ludwig-van.com. Assurez vous d&rsquo;inclure l&rsquo;adresse internet (URL) le titre de l&rsquo;article, et un r\u00e9sum\u00e9 de l&rsquo;erreur.<\/p>\n<p>ISSN 2368-7045 | Copyright \u00a9 2011-2016 &#8211; All Rights Reserved Musical Toronto Publishing Inc.<\/p>\n<p>This website was developed and obsessed over by\u00a0<a style=\"color: #ff0000;\" href=\"http:\/\/www.ckportfolio.com\/\" target=\"_blank\" rel=\"noopener\">Chris K. Kim<\/a>.<\/p>\n","protected":false},"excerpt":{"rendered":"<p>Ludwig Van une propri\u00e9t\u00e9 de Zoomer Media Ltd. ZoomerMedia Limited 70 Jefferson Ave. Toronto ON M6K 1Y4 Si vous avez des commentaires ou des renseignements \u00e0 nous communiquer, \u00e9crivez-nous par courriel: B\u00e9atrice Cadrin, r\u00e9dactrice en chef beatrice@ludwig-van.com Pour des corrections dans les articles, \u00e9crivez \u00e0 beatrice@ludwig-van.com. Assurez vous d&rsquo;inclure l&rsquo;adresse internet (URL) le titre de [&hellip;]<\/p>\n","protected":false},"author":2,"featured_media":0,"parent":0,"menu_order":0,"comment_status":"closed","ping_status":"closed","template":"","meta":{"om_disable_all_campaigns":false,"jetpack_post_was_ever_published":false},"yst_prominent_words":[10889,6741],"acf":[],"jetpack_sharing_enabled":true,"jetpack_shortlink":"https:\/\/wp.me\/P9bdYt-1lW","amp_enabled":true,"_links":{"self":[{"href":"https:\/\/www.ludwig-van.com\/montreal\/wp-json\/wp\/v2\/pages\/5204"}],"collection":[{"href":"https:\/\/www.ludwig-van.com\/montreal\/wp-json\/wp\/v2\/pages"}],"about":[{"href":"https:\/\/www.ludwig-van.com\/montreal\/wp-json\/wp\/v2\/types\/page"}],"author":[{"embeddable":true,"href":"https:\/\/www.ludwig-van.com\/montreal\/wp-json\/wp\/v2\/users\/2"}],"replies":[{"embeddable":true,"href":"https:\/\/www.ludwig-van.com\/montreal\/wp-json\/wp\/v2\/comments?post=5204"}],"version-history":[{"count":3,"href":"https:\/\/www.ludwig-van.com\/montreal\/wp-json\/wp\/v2\/pages\/5204\/revisions"}],"predecessor-version":[{"id":89504,"href":"https:\/\/www.ludwig-van.com\/montreal\/wp-json\/wp\/v2\/pages\/5204\/revisions\/89504"}],"wp:attachment":[{"href":"https:\/\/www.ludwig-van.com\/montreal\/wp-json\/wp\/v2\/media?parent=5204"}],"wp:term":[{"taxonomy":"yst_prominent_words","embeddable":true,"href":"https:\/\/www.ludwig-van.com\/montreal\/wp-json\/wp\/v2\/yst_prominent_words?post=5204"}],"curies":[{"name":"wp","href":"https:\/\/api.w.org\/{rel}","templated":true}]}}