{"id":44331,"date":"2017-04-04T12:07:31","date_gmt":"2017-04-04T16:07:31","guid":{"rendered":"https:\/\/www.ludwig-van.com\/montreal\/?page_id=44331"},"modified":"2025-09-09T11:27:22","modified_gmt":"2025-09-09T15:27:22","slug":"renseignements","status":"publish","type":"page","link":"https:\/\/www.ludwig-van.com\/montreal\/renseignements\/","title":{"rendered":"Des infos pour nous?"},"content":{"rendered":"<h3 style=\"text-align: center;\"><img decoding=\"async\" loading=\"lazy\" class=\"aligncenter size-full wp-image-67312\" src=\"https:\/\/www.ludwig-van.com\/montreal\/wp-content\/uploads\/sites\/3\/2021\/07\/FB-Cover-French-1200.png\" alt=\"\" width=\"1200\" height=\"457\" \/><\/h3>\n<h3>Vous d\u00e9tenez des renseignements qui pourrait faire l&rsquo;objet d&rsquo;une enqu\u00eate? Voici comment nous contacter.<\/h3>\n<p style=\"text-align: left;\">Les nouvelles chez Ludwig van Montr\u00e9al commencent souvent par une information provenant du public. Nous sommes toujours \u00e0 la recherche de sujets qui permettent de faire la lumi\u00e8re sur des situations probl\u00e9matiques dans le monde des arts. Ces articles sont importants pour contribuer \u00e0 l&rsquo;imputabilit\u00e9 des responsables des organismes. Les preuves sous forme de documents ou les t\u00e9moignages sont des cl\u00e9s du journalisme fiable.<\/p>\n<p>Si vous croyez d\u00e9tenir des informations d&rsquo;int\u00e9r\u00eat public, nous voulons le savoir! Ludwig van Montr\u00e9al prot\u00e8ge la confidentialit\u00e9 de ses sources.<\/p>\n<p><strong>Comment transmettre de l&rsquo;information \u00e0 Ludwig van Montr\u00e9al.<\/strong><\/p>\n<p>Par courriel : beatrice@ludwig-van.com<\/p>\n<h2><em>Inscrivez-vous \u00e0 notre infolettre! La musique classique et l&rsquo;op\u00e9ra en 5 minutes, chaque jour<\/em>\u00a0<span style=\"color: #ff0000;\"><a style=\"color: #ff0000;\" href=\"https:\/\/ludwig-van.us9.list-manage.com\/subscribe?u=4f785cb3f9058f2393ccad035&amp;id=b9b160c032\" target=\"_blank\" rel=\"noopener noreferrer\">ICI\u00a0<\/a><\/span><\/h2>\n","protected":false},"excerpt":{"rendered":"<p>Vous d\u00e9tenez des renseignements qui pourrait faire l&rsquo;objet d&rsquo;une enqu\u00eate? Voici comment nous contacter. Les nouvelles chez Ludwig van Montr\u00e9al commencent souvent par une information provenant du public. Nous sommes toujours \u00e0 la recherche de sujets qui permettent de faire la lumi\u00e8re sur des situations probl\u00e9matiques dans le monde des arts. Ces articles sont importants [&hellip;]<\/p>\n","protected":false},"author":1,"featured_media":44375,"parent":0,"menu_order":0,"comment_status":"closed","ping_status":"closed","template":"","meta":{"om_disable_all_campaigns":false,"jetpack_post_was_ever_published":false},"yst_prominent_words":[9810,9788,9787,7694,7595,9809,9804],"acf":[],"jetpack_sharing_enabled":true,"jetpack_shortlink":"https:\/\/wp.me\/P9bdYt-bx1","amp_enabled":true,"_links":{"self":[{"href":"https:\/\/www.ludwig-van.com\/montreal\/wp-json\/wp\/v2\/pages\/44331"}],"collection":[{"href":"https:\/\/www.ludwig-van.com\/montreal\/wp-json\/wp\/v2\/pages"}],"about":[{"href":"https:\/\/www.ludwig-van.com\/montreal\/wp-json\/wp\/v2\/types\/page"}],"author":[{"embeddable":true,"href":"https:\/\/www.ludwig-van.com\/montreal\/wp-json\/wp\/v2\/users\/1"}],"replies":[{"embeddable":true,"href":"https:\/\/www.ludwig-van.com\/montreal\/wp-json\/wp\/v2\/comments?post=44331"}],"version-history":[{"count":8,"href":"https:\/\/www.ludwig-van.com\/montreal\/wp-json\/wp\/v2\/pages\/44331\/revisions"}],"predecessor-version":[{"id":89505,"href":"https:\/\/www.ludwig-van.com\/montreal\/wp-json\/wp\/v2\/pages\/44331\/revisions\/89505"}],"wp:featuredmedia":[{"embeddable":true,"href":"https:\/\/www.ludwig-van.com\/montreal\/wp-json\/"}],"wp:attachment":[{"href":"https:\/\/www.ludwig-van.com\/montreal\/wp-json\/wp\/v2\/media?parent=44331"}],"wp:term":[{"taxonomy":"yst_prominent_words","embeddable":true,"href":"https:\/\/www.ludwig-van.com\/montreal\/wp-json\/wp\/v2\/yst_prominent_words?post=44331"}],"curies":[{"name":"wp","href":"https:\/\/api.w.org\/{rel}","templated":true}]}}