{"id":20660,"date":"2014-09-27T20:21:34","date_gmt":"2014-09-28T00:21:34","guid":{"rendered":"https:\/\/www.ludwig-van.com\/montreal\/?page_id=20660"},"modified":"2025-09-09T11:29:12","modified_gmt":"2025-09-09T15:29:12","slug":"publicite","status":"publish","type":"page","link":"https:\/\/www.ludwig-van.com\/montreal\/publicite\/","title":{"rendered":"Publicit\u00e9 et pages-membres"},"content":{"rendered":"<h2 style=\"text-align: center;\"><img decoding=\"async\" loading=\"lazy\" class=\"aligncenter size-full wp-image-67312\" src=\"https:\/\/www.ludwig-van.com\/montreal\/wp-content\/uploads\/sites\/3\/2021\/07\/FB-Cover-French-1200.png\" alt=\"\" width=\"1200\" height=\"457\" \/><\/h2>\n<h2 style=\"text-align: left;\">FAITES-VOUS CONNA\u00ceTRE!<\/h2>\n<p>Ludwig van Montr\u00e9al offre un lien direct avec le public m\u00e9lomane, sans les co\u00fbts \u00e9lev\u00e9s des m\u00e9dias traditionnels. Nos tarifs sont \u00e9tonnamment abordables et conformes \u00e0 la r\u00e9alit\u00e9 financi\u00e8re des organisations artistiques, des salles de concert ou des petits diffuseurs. Nos publicit\u00e9s enti\u00e8rement cliquables sont visibles sur plusieurs pages et mettent votre marque en contact avec des milliers d&rsquo;amateurs de musique classique chaque semaine. Nous nous faisons une fiert\u00e9 de fid\u00e9liser nos lecteurs et de les tenir inform\u00e9s de l&rsquo;actualit\u00e9 musicale. Nos tarifs publicitaires sont adapt\u00e9s aux besoins des petits et grands organismes, qu\u00e9b\u00e9cois ou \u00e9trangers.<\/p>\n<p>\u00c9tant donn\u00e9 l\u2019organisation du site, les espaces publicitaires sont limit\u00e9s \u2014 pour les tarifs ainsi que toute demande publicitaire, \u00e9crivez-nous \u00e0 beatrice@ludwig-van.com, nous vous contacterons avec les d\u00e9tails sur les espaces disponibles.<\/p>\n<h2>DEVENIR MEMBRE DE LA COMMUNAUT\u00c9 MUSICALE LvM :<\/h2>\n<p>Ludwig van Montr\u00e9al offre des pages-membres qui visent \u00e0 donner une vitrine \u00e9conomique aux organismes musicaux, de mani\u00e8re \u00e0 permettre \u00e0 nos lecteurs de d\u00e9couvrir les projets artistiques extraordinaires qu&rsquo;ils d\u00e9veloppent. Chaque membre de la COMMUNAUT\u00c9 MUSICALE se voit offrir une page qui inclut des textes de pr\u00e9sentation,\u00a0 des photos et la liste de ses \u00e9v\u00e9nements \u00e0 venir. Il peut \u00e9galement publier des messages ou des communiqu\u00e9s aux lecteurs dans notre fil de nouvelles, sur notre page d&rsquo;accueil. Ces messages sont partag\u00e9s sur nos comptes Facebook et Twitter. Tout ce que vous avez \u00e0 faire est de nous transmettre le contenu et nous prenons soin du reste. Les prix varient en fonction du niveau de forfait membre : Ami, Meilleur ami ou Famille.<\/p>\n<p><strong>Si vous \u00eates int\u00e9ress\u00e9\u00b7e, contactez-nous \u00e0 beatrice@ludwig-van.com<\/strong><\/p>\n<h2>CONTENU COMMANDIT\u00c9 :<\/h2>\n<p>Si vous cherchez une fa\u00e7on unique de faire parler de vous, nous offrons \u00e9galement du contenu commandit\u00e9 (et clairement identifi\u00e9 comme tel) en quantit\u00e9 limit\u00e9e. Ces articles sont mis en valeur dans le caroussel de notre page d&rsquo;accueil, tout en haut de nos articles. Cette option est id\u00e9ale pour les \u00e9v\u00e9nements sp\u00e9ciaux et les lancements de saison. Le contenu doit respecter la mission de Ludwig van Montr\u00e9al.<\/p>\n<h3>Pour les tarifs, contactez-nous \u00e0 beatrice@ludwig-van.com<\/h3>\n<h2><em>Inscrivez-vous \u00e0 notre infolettre! La musique classique et l&rsquo;op\u00e9ra en 5 minutes, chaque jour<\/em> <span style=\"color: #ff0000;\"><a style=\"color: #ff0000;\" href=\"https:\/\/ludwig-van.us9.list-manage.com\/subscribe?u=4f785cb3f9058f2393ccad035&amp;id=b9b160c032\" target=\"_blank\" rel=\"noopener noreferrer\">ICI.<\/a><\/span><\/h2>\n","protected":false},"excerpt":{"rendered":"<p>FAITES-VOUS CONNA\u00ceTRE! Ludwig van Montr\u00e9al offre un lien direct avec le public m\u00e9lomane, sans les co\u00fbts \u00e9lev\u00e9s des m\u00e9dias traditionnels. Nos tarifs sont \u00e9tonnamment abordables et conformes \u00e0 la r\u00e9alit\u00e9 financi\u00e8re des organisations artistiques, des salles de concert ou des petits diffuseurs. Nos publicit\u00e9s enti\u00e8rement cliquables sont visibles sur plusieurs pages et mettent votre marque [&hellip;]<\/p>\n","protected":false},"author":1,"featured_media":67312,"parent":0,"menu_order":0,"comment_status":"open","ping_status":"closed","template":"template-advertising-fr.php","meta":{"om_disable_all_campaigns":false,"jetpack_post_was_ever_published":false},"yst_prominent_words":[10854,10858,10857,10855,9810,9788,9787,10849,10853,10852,7694,10851,10476,10167,10859,10840,9809,9804,10850],"acf":[],"jetpack_sharing_enabled":true,"jetpack_shortlink":"https:\/\/wp.me\/P9bdYt-5ne","amp_enabled":false,"_links":{"self":[{"href":"https:\/\/www.ludwig-van.com\/montreal\/wp-json\/wp\/v2\/pages\/20660"}],"collection":[{"href":"https:\/\/www.ludwig-van.com\/montreal\/wp-json\/wp\/v2\/pages"}],"about":[{"href":"https:\/\/www.ludwig-van.com\/montreal\/wp-json\/wp\/v2\/types\/page"}],"author":[{"embeddable":true,"href":"https:\/\/www.ludwig-van.com\/montreal\/wp-json\/wp\/v2\/users\/1"}],"replies":[{"embeddable":true,"href":"https:\/\/www.ludwig-van.com\/montreal\/wp-json\/wp\/v2\/comments?post=20660"}],"version-history":[{"count":10,"href":"https:\/\/www.ludwig-van.com\/montreal\/wp-json\/wp\/v2\/pages\/20660\/revisions"}],"predecessor-version":[{"id":89506,"href":"https:\/\/www.ludwig-van.com\/montreal\/wp-json\/wp\/v2\/pages\/20660\/revisions\/89506"}],"wp:featuredmedia":[{"embeddable":true,"href":"https:\/\/www.ludwig-van.com\/montreal\/wp-json\/wp\/v2\/media\/67312"}],"wp:attachment":[{"href":"https:\/\/www.ludwig-van.com\/montreal\/wp-json\/wp\/v2\/media?parent=20660"}],"wp:term":[{"taxonomy":"yst_prominent_words","embeddable":true,"href":"https:\/\/www.ludwig-van.com\/montreal\/wp-json\/wp\/v2\/yst_prominent_words?post=20660"}],"curies":[{"name":"wp","href":"https:\/\/api.w.org\/{rel}","templated":true}]}}